{"id":58,"date":"2025-06-15T14:59:56","date_gmt":"2025-06-15T12:59:56","guid":{"rendered":"https:\/\/www.sylvieperrenoud.fr\/index.php\/home\/"},"modified":"2025-06-20T16:40:19","modified_gmt":"2025-06-20T14:40:19","slug":"accueil","status":"publish","type":"page","link":"https:\/\/www.sylvieperrenoud.fr\/","title":{"rendered":"Accueil"},"content":{"rendered":"\t\t<div data-elementor-type=\"wp-page\" data-elementor-id=\"58\" class=\"elementor elementor-58\" data-elementor-post-type=\"page\">\n\t\t\t\t<div class=\"elementor-element elementor-element-25e4a2c1 e-con-full e-flex e-con e-parent\" data-id=\"25e4a2c1\" data-element_type=\"container\">\n\t\t<div class=\"elementor-element elementor-element-4dfead9c e-con-full elementor-hidden-mobile e-flex e-con e-child\" data-id=\"4dfead9c\" data-element_type=\"container\" data-settings=\"{&quot;background_background&quot;:&quot;classic&quot;}\">\n\t\t\t\t<\/div>\n\t\t<div class=\"elementor-element elementor-element-7188cae7 e-con-full e-flex e-con e-child\" data-id=\"7188cae7\" data-element_type=\"container\" data-settings=\"{&quot;background_background&quot;:&quot;classic&quot;}\">\n\t\t\t\t<div class=\"elementor-element elementor-element-478d6812 elementor-cta--skin-cover elementor-widget elementor-widget-call-to-action\" data-id=\"478d6812\" data-element_type=\"widget\" data-widget_type=\"call-to-action.default\">\n\t\t\t\t<div class=\"elementor-widget-container\">\n\t\t\t\t\t\t\t<div class=\"elementor-cta\">\n\t\t\t\t\t<div class=\"elementor-cta__bg-wrapper\">\n\t\t\t\t<div class=\"elementor-cta__bg elementor-bg\" style=\"background-image: url();\" role=\"img\" aria-label=\"\"><\/div>\n\t\t\t\t<div class=\"elementor-cta__bg-overlay\"><\/div>\n\t\t\t<\/div>\n\t\t\t\t\t\t\t<div class=\"elementor-cta__content\">\n\t\t\t\t\n\t\t\t\t\t\t\t\t\t<h4 class=\"elementor-cta__title elementor-cta__content-item elementor-content-item\">\n\t\t\t\t\t\tLa nature comme expression\t\t\t\t\t<\/h4>\n\t\t\t\t\n\t\t\t\t\t\t\t\t\t<div class=\"elementor-cta__description elementor-cta__content-item elementor-content-item\">\n\t\t\t\t\t\tSylvie Perrenoud, Artiste peintre\t\t\t\t\t<\/div>\n\t\t\t\t\n\t\t\t\t\t\t\t\t\t<div class=\"elementor-cta__button-wrapper elementor-cta__content-item elementor-content-item \">\n\t\t\t\t\t<a class=\"elementor-cta__button elementor-button elementor-size-\" href=\"\/index.php\/oeuvres\">\n\t\t\t\t\t\tD\u00e9couvrir les oeuvres  \u27f6\t\t\t\t\t<\/a>\n\t\t\t\t\t<\/div>\n\t\t\t\t\t\t\t<\/div>\n\t\t\t\t\t\t<\/div>\n\t\t\t\t\t\t<\/div>\n\t\t\t\t<\/div>\n\t\t\t\t<\/div>\n\t\t\t\t<\/div>\n\t\t<div class=\"elementor-element elementor-element-704c7f17 e-flex e-con-boxed e-con e-parent\" data-id=\"704c7f17\" data-element_type=\"container\" id=\"dinnerware\" data-settings=\"{&quot;background_background&quot;:&quot;classic&quot;}\">\n\t\t\t\t\t<div class=\"e-con-inner\">\n\t\t\t\t<div class=\"elementor-element elementor-element-314f0127 elementor-cta--skin-cover elementor-widget elementor-widget-call-to-action\" data-id=\"314f0127\" data-element_type=\"widget\" data-widget_type=\"call-to-action.default\">\n\t\t\t\t<div class=\"elementor-widget-container\">\n\t\t\t\t\t\t\t<div class=\"elementor-cta\">\n\t\t\t\t\t<div class=\"elementor-cta__bg-wrapper\">\n\t\t\t\t<div class=\"elementor-cta__bg elementor-bg\" style=\"background-image: url();\" role=\"img\" aria-label=\"\"><\/div>\n\t\t\t\t<div class=\"elementor-cta__bg-overlay\"><\/div>\n\t\t\t<\/div>\n\t\t\t\t\t\t\t<div class=\"elementor-cta__content\">\n\t\t\t\t\n\t\t\t\t\t\t\t\t\t<h2 class=\"elementor-cta__title elementor-cta__content-item elementor-content-item\">\n\t\t\t\t\t\tSylvie perrenoud \t\t\t\t\t<\/h2>\n\t\t\t\t\n\t\t\t\t\t\t\t\t\t<div class=\"elementor-cta__description elementor-cta__content-item elementor-content-item\">\n\t\t\t\t\t\tD\u00e9couvrir la biographie et la d\u00e9marche artistique de l'artiste\t\t\t\t\t<\/div>\n\t\t\t\t\n\t\t\t\t\t\t\t\t\t<div class=\"elementor-cta__button-wrapper elementor-cta__content-item elementor-content-item \">\n\t\t\t\t\t<a class=\"elementor-cta__button elementor-button elementor-size-\" href=\"\/index.php\/apropos\">\n\t\t\t\t\t\t\u00e0 propos  \u27f6\t\t\t\t\t<\/a>\n\t\t\t\t\t<\/div>\n\t\t\t\t\t\t\t<\/div>\n\t\t\t\t\t\t<\/div>\n\t\t\t\t\t\t<\/div>\n\t\t\t\t<\/div>\n\t\t\t\t\t<\/div>\n\t\t\t\t<\/div>\n\t\t<div class=\"elementor-element elementor-element-76dadb77 e-con-full e-flex e-con e-parent\" data-id=\"76dadb77\" data-element_type=\"container\">\n\t\t<div class=\"elementor-element elementor-element-132065bb e-con-full e-flex e-con e-child\" data-id=\"132065bb\" data-element_type=\"container\" data-settings=\"{&quot;background_background&quot;:&quot;classic&quot;}\">\n\t\t\t\t<\/div>\n\t\t<div class=\"elementor-element elementor-element-73effe6e e-con-full e-flex e-con e-child\" data-id=\"73effe6e\" data-element_type=\"container\" data-settings=\"{&quot;background_background&quot;:&quot;classic&quot;}\">\n\t\t\t\t<div class=\"elementor-element elementor-element-3e3e4f5c elementor-cta--skin-cover elementor-widget elementor-widget-call-to-action\" data-id=\"3e3e4f5c\" data-element_type=\"widget\" data-widget_type=\"call-to-action.default\">\n\t\t\t\t<div class=\"elementor-widget-container\">\n\t\t\t\t\t\t\t<div class=\"elementor-cta\">\n\t\t\t\t\t<div class=\"elementor-cta__bg-wrapper\">\n\t\t\t\t<div class=\"elementor-cta__bg elementor-bg\" style=\"background-image: url();\" role=\"img\" aria-label=\"\"><\/div>\n\t\t\t\t<div class=\"elementor-cta__bg-overlay\"><\/div>\n\t\t\t<\/div>\n\t\t\t\t\t\t\t<div class=\"elementor-cta__content\">\n\t\t\t\t\n\t\t\t\t\t\t\t\t\t<h3 class=\"elementor-cta__title elementor-cta__content-item elementor-content-item\">\n\t\t\t\t\t\t\u201cLa couleur ne nous a pas \u00e9t\u00e9 donn\u00e9e pour imiter la nature. Elle nous a \u00e9t\u00e9 donn\u00e9e pour que nous puissions exprimer nos \u00e9motions.\u201d \t\t\t\t\t<\/h3>\n\t\t\t\t\n\t\t\t\t\t\t\t\t\t<div class=\"elementor-cta__description elementor-cta__content-item elementor-content-item\">\n\t\t\t\t\t\tHenri Matisse\t\t\t\t\t<\/div>\n\t\t\t\t\n\t\t\t\t\t\t\t<\/div>\n\t\t\t\t\t\t<\/div>\n\t\t\t\t\t\t<\/div>\n\t\t\t\t<\/div>\n\t\t\t\t<\/div>\n\t\t\t\t<\/div>\n\t\t<div class=\"elementor-element elementor-element-377f3b00 e-flex e-con-boxed e-con e-parent\" data-id=\"377f3b00\" data-element_type=\"container\" data-settings=\"{&quot;background_background&quot;:&quot;classic&quot;}\">\n\t\t\t\t\t<div class=\"e-con-inner\">\n\t\t<div class=\"elementor-element elementor-element-491d266f e-con-full e-flex e-con e-child\" data-id=\"491d266f\" data-element_type=\"container\">\n\t\t\t\t<div class=\"elementor-element elementor-element-5dd2a1b4 elementor-cta--skin-cover elementor-widget__width-initial elementor-widget elementor-widget-call-to-action\" data-id=\"5dd2a1b4\" data-element_type=\"widget\" data-widget_type=\"call-to-action.default\">\n\t\t\t\t<div class=\"elementor-widget-container\">\n\t\t\t\t\t\t\t<div class=\"elementor-cta\">\n\t\t\t\t\t<div class=\"elementor-cta__bg-wrapper\">\n\t\t\t\t<div class=\"elementor-cta__bg elementor-bg\" style=\"background-image: url();\" role=\"img\" aria-label=\"\"><\/div>\n\t\t\t\t<div class=\"elementor-cta__bg-overlay\"><\/div>\n\t\t\t<\/div>\n\t\t\t\t\t\t\t<div class=\"elementor-cta__content\">\n\t\t\t\t\n\t\t\t\t\t\t\t\t\t<h2 class=\"elementor-cta__title elementor-cta__content-item elementor-content-item\">\n\t\t\t\t\t\tNOUVELLES OEUVRES\t\t\t\t\t<\/h2>\n\t\t\t\t\n\t\t\t\t\n\t\t\t\t\t\t\t\t\t<div class=\"elementor-cta__button-wrapper elementor-cta__content-item elementor-content-item \">\n\t\t\t\t\t<a class=\"elementor-cta__button elementor-button elementor-size-\" href=\"index.php\/oeuvres\">\n\t\t\t\t\t\tTOUT VOIR  \u27f6 \t\t\t\t\t<\/a>\n\t\t\t\t\t<\/div>\n\t\t\t\t\t\t\t<\/div>\n\t\t\t\t\t\t<\/div>\n\t\t\t\t\t\t<\/div>\n\t\t\t\t<\/div>\n\t\t\t\t<\/div>\n\t\t<div class=\"elementor-element elementor-element-3eb26893 e-con-full e-flex e-con e-child\" data-id=\"3eb26893\" data-element_type=\"container\">\n\t\t\t\t<div class=\"elementor-element elementor-element-75047c1f elementor-grid-2 elementor-grid-tablet-2 elementor-grid-mobile-1 elementor-products-grid elementor-wc-products elementor-widget elementor-widget-woocommerce-products\" data-id=\"75047c1f\" data-element_type=\"widget\" data-widget_type=\"woocommerce-products.default\">\n\t\t\t\t<div class=\"elementor-widget-container\">\n\t\t\t\t\t<div class=\"woocommerce columns-2 \"><ul class=\"products elementor-grid columns-2\">\n<li class=\"product type-product post-479 status-publish first instock product_cat-hors-piste product_cat-all has-post-thumbnail shipping-taxable product-type-simple\">\n\t<a href=\"https:\/\/www.sylvieperrenoud.fr\/index.php\/produit\/danseur-des-neiges\/\" class=\"woocommerce-LoopProduct-link woocommerce-loop-product__link\"><img fetchpriority=\"high\" decoding=\"async\" width=\"300\" height=\"300\" src=\"https:\/\/www.sylvieperrenoud.fr\/wp-content\/uploads\/2025\/06\/20250123_124633-scaled-300x300.jpg\" class=\"attachment-woocommerce_thumbnail size-woocommerce_thumbnail\" alt=\"Danseur des neiges\" srcset=\"https:\/\/www.sylvieperrenoud.fr\/wp-content\/uploads\/2025\/06\/20250123_124633-scaled-300x300.jpg 300w, https:\/\/www.sylvieperrenoud.fr\/wp-content\/uploads\/2025\/06\/20250123_124633-scaled-100x100.jpg 100w, https:\/\/www.sylvieperrenoud.fr\/wp-content\/uploads\/2025\/06\/20250123_124633-150x150.jpg 150w\" sizes=\"(max-width: 300px) 100vw, 300px\" \/><h2 class=\"woocommerce-loop-product__title\">Danseur des neiges<\/h2>\n<\/a><a href=\"https:\/\/www.sylvieperrenoud.fr\/index.php\/produit\/danseur-des-neiges\/\" aria-describedby=\"woocommerce_loop_add_to_cart_link_describedby_479\" data-quantity=\"1\" class=\"button product_type_simple\" data-product_id=\"479\" data-product_sku=\"25\" aria-label=\"Read more about &ldquo;Danseur des neiges&rdquo;\" rel=\"nofollow\" data-success_message=\"\">Read more<\/a>\t<span id=\"woocommerce_loop_add_to_cart_link_describedby_479\" class=\"screen-reader-text\">\n\t\t\t<\/span>\n<\/li>\n<li class=\"product type-product post-498 status-publish last instock product_cat-aube product_cat-newarrivals product_cat-all has-post-thumbnail shipping-taxable product-type-simple\">\n\t<a href=\"https:\/\/www.sylvieperrenoud.fr\/index.php\/produit\/sous-rosee\/\" class=\"woocommerce-LoopProduct-link woocommerce-loop-product__link\"><img decoding=\"async\" width=\"300\" height=\"300\" src=\"https:\/\/www.sylvieperrenoud.fr\/wp-content\/uploads\/2025\/06\/39-Sous-rosee-40x40-1-300x300.jpg\" class=\"attachment-woocommerce_thumbnail size-woocommerce_thumbnail\" alt=\"Sous ros\u00e9e\" srcset=\"https:\/\/www.sylvieperrenoud.fr\/wp-content\/uploads\/2025\/06\/39-Sous-rosee-40x40-1-300x300.jpg 300w, https:\/\/www.sylvieperrenoud.fr\/wp-content\/uploads\/2025\/06\/39-Sous-rosee-40x40-1-1024x1024.jpg 1024w, https:\/\/www.sylvieperrenoud.fr\/wp-content\/uploads\/2025\/06\/39-Sous-rosee-40x40-1-150x150.jpg 150w, https:\/\/www.sylvieperrenoud.fr\/wp-content\/uploads\/2025\/06\/39-Sous-rosee-40x40-1-768x768.jpg 768w, https:\/\/www.sylvieperrenoud.fr\/wp-content\/uploads\/2025\/06\/39-Sous-rosee-40x40-1-1536x1536.jpg 1536w, https:\/\/www.sylvieperrenoud.fr\/wp-content\/uploads\/2025\/06\/39-Sous-rosee-40x40-1-2048x2048.jpg 2048w, https:\/\/www.sylvieperrenoud.fr\/wp-content\/uploads\/2025\/06\/39-Sous-rosee-40x40-1-100x100.jpg 100w\" sizes=\"(max-width: 300px) 100vw, 300px\" \/><h2 class=\"woocommerce-loop-product__title\">Sous ros\u00e9e<\/h2>\n<\/a><a href=\"https:\/\/www.sylvieperrenoud.fr\/index.php\/produit\/sous-rosee\/\" aria-describedby=\"woocommerce_loop_add_to_cart_link_describedby_498\" data-quantity=\"1\" class=\"button product_type_simple\" data-product_id=\"498\" data-product_sku=\"39\" aria-label=\"Read more about &ldquo;Sous ros\u00e9e&rdquo;\" rel=\"nofollow\" data-success_message=\"\">Read more<\/a>\t<span id=\"woocommerce_loop_add_to_cart_link_describedby_498\" class=\"screen-reader-text\">\n\t\t\t<\/span>\n<\/li>\n<\/ul>\n<\/div>\t\t\t\t<\/div>\n\t\t\t\t<\/div>\n\t\t\t\t<\/div>\n\t\t\t\t\t<\/div>\n\t\t\t\t<\/div>\n\t\t\t\t<\/div>\n\t\t","protected":false},"excerpt":{"rendered":"<p>La nature comme expression Sylvie Perrenoud, Artiste peintre D\u00e9couvrir les oeuvres \u27f6 Sylvie perrenoud D\u00e9couvrir la biographie et la d\u00e9marche artistique de l&#8217;artiste \u00e0 propos \u27f6 \u201cLa couleur ne nous a pas \u00e9t\u00e9 donn\u00e9e pour imiter la nature. Elle nous a \u00e9t\u00e9 donn\u00e9e pour que nous puissions exprimer nos \u00e9motions.\u201d Henri Matisse NOUVELLES OEUVRES TOUT [&hellip;]<\/p>\n","protected":false},"author":1,"featured_media":71,"parent":0,"menu_order":0,"comment_status":"closed","ping_status":"closed","template":"elementor_header_footer","meta":{"footnotes":""},"class_list":["post-58","page","type-page","status-publish","has-post-thumbnail","hentry"],"_links":{"self":[{"href":"https:\/\/www.sylvieperrenoud.fr\/index.php\/wp-json\/wp\/v2\/pages\/58","targetHints":{"allow":["GET"]}}],"collection":[{"href":"https:\/\/www.sylvieperrenoud.fr\/index.php\/wp-json\/wp\/v2\/pages"}],"about":[{"href":"https:\/\/www.sylvieperrenoud.fr\/index.php\/wp-json\/wp\/v2\/types\/page"}],"author":[{"embeddable":true,"href":"https:\/\/www.sylvieperrenoud.fr\/index.php\/wp-json\/wp\/v2\/users\/1"}],"replies":[{"embeddable":true,"href":"https:\/\/www.sylvieperrenoud.fr\/index.php\/wp-json\/wp\/v2\/comments?post=58"}],"version-history":[{"count":23,"href":"https:\/\/www.sylvieperrenoud.fr\/index.php\/wp-json\/wp\/v2\/pages\/58\/revisions"}],"predecessor-version":[{"id":526,"href":"https:\/\/www.sylvieperrenoud.fr\/index.php\/wp-json\/wp\/v2\/pages\/58\/revisions\/526"}],"wp:featuredmedia":[{"embeddable":true,"href":"https:\/\/www.sylvieperrenoud.fr\/index.php\/wp-json\/wp\/v2\/media\/71"}],"wp:attachment":[{"href":"https:\/\/www.sylvieperrenoud.fr\/index.php\/wp-json\/wp\/v2\/media?parent=58"}],"curies":[{"name":"wp","href":"https:\/\/api.w.org\/{rel}","templated":true}]}}