{"id":77,"date":"2025-06-15T15:00:01","date_gmt":"2025-06-15T13:00:01","guid":{"rendered":"https:\/\/www.sylvieperrenoud.fr\/index.php\/about\/"},"modified":"2025-06-20T16:42:07","modified_gmt":"2025-06-20T14:42:07","slug":"apropos","status":"publish","type":"page","link":"https:\/\/www.sylvieperrenoud.fr\/index.php\/apropos\/","title":{"rendered":"\u00c0 propos"},"content":{"rendered":"\t\t<div data-elementor-type=\"wp-page\" data-elementor-id=\"77\" class=\"elementor elementor-77\" data-elementor-post-type=\"page\">\n\t\t\t\t<div class=\"elementor-element elementor-element-5177853 e-con-full e-flex e-con e-parent\" data-id=\"5177853\" data-element_type=\"container\">\n\t\t<div class=\"elementor-element elementor-element-448852a e-con-full elementor-hidden-tablet e-flex e-con e-child\" data-id=\"448852a\" data-element_type=\"container\" data-settings=\"{&quot;background_background&quot;:&quot;classic&quot;}\">\n\t\t\t\t<\/div>\n\t\t<div class=\"elementor-element elementor-element-3bf0ba5 e-con-full e-flex e-con e-child\" data-id=\"3bf0ba5\" data-element_type=\"container\" data-settings=\"{&quot;background_background&quot;:&quot;classic&quot;}\">\n\t\t\t\t<div class=\"elementor-element elementor-element-925bcbd elementor-cta--skin-cover elementor-widget elementor-widget-call-to-action\" data-id=\"925bcbd\" data-element_type=\"widget\" data-widget_type=\"call-to-action.default\">\n\t\t\t\t<div class=\"elementor-widget-container\">\n\t\t\t\t\t\t\t<div class=\"elementor-cta\">\n\t\t\t\t\t<div class=\"elementor-cta__bg-wrapper\">\n\t\t\t\t<div class=\"elementor-cta__bg elementor-bg\" style=\"background-image: url();\" role=\"img\" aria-label=\"\"><\/div>\n\t\t\t\t<div class=\"elementor-cta__bg-overlay\"><\/div>\n\t\t\t<\/div>\n\t\t\t\t\t\t\t<div class=\"elementor-cta__content\">\n\t\t\t\t\n\t\t\t\t\t\t\t\t\t<h3 class=\"elementor-cta__title elementor-cta__content-item elementor-content-item\">\n\t\t\t\t\t\t\u00c0 propos\t\t\t\t\t<\/h3>\n\t\t\t\t\n\t\t\t\t\t\t\t\t\t<div class=\"elementor-cta__description elementor-cta__content-item elementor-content-item\">\n\t\t\t\t\t\tSylvie Perrenoud dessine depuis l\u2019enfance, elle est autodidacte.<br><br>\nEtant d\u2019une nature r\u00e9serv\u00e9e, le dessin lui permettait de s\u2019exprimer et de mieux communiquer avec les autres. La peinture devient une mani\u00e8re de partager, de mettre sur toile ses \u00e9motions, qu\u2019elles soient positives ou n\u00e9gatives.\n<br><br>\nA l\u2019adolescence, elle d\u00e9couvre des grands peintres comme Paul C\u00e9zanne, Claude Monet et Vincent Van Gogh, elle est fascin\u00e9e par les couleurs douces et bouleversantes \u00e0 la fois qui d\u00e9gagent de leurs \u0153uvres. Les bleus de Claude Monet et de Vincent Van Gogh l\u2019inspirent.\n<br><br>\nPassionn\u00e9e de nature et de la beaut\u00e9 qui l\u2019entoure, elle commence par cr\u00e9er des dessins en pastel puis d\u00e9couvre la peinture \u00e0 l\u2019acrylique a l\u2019\u00e2ge de 30 ans.\n<br><br>\nElle r\u00e9v\u00e8le ainsi sa vision personnelle \u00e0 travers des toiles vibrantes et douces \u00e0 la fois. Sylvie s\u2019efforce de transmettre cette connexion avec le monde naturel en mettant en lumi\u00e8re sa splendeur et sa fragilit\u00e9.\n<br><br>\nSi autrefois elle \u00e9tait r\u00e9serv\u00e9e, l\u2019art lui a permis de trouver sa voix. A travers ces peintures, elle souhaite exprimer un message d\u2019espoir et de gratitude envers la vie elle-m\u00eame.\n<br><br>\nSa qu\u00eate est de transmettre \u00e0 travers ces toiles, des \u00e9motions.\n<br>\nComme le disait l\u2019Artiste peintre Henri Matisse, \u201cla couleur ne nous a pas \u00e9t\u00e9 donn\u00e9e pour imiter la nature. elle nous a \u00e9t\u00e9 donn\u00e9e pour que nous puissions exprimer nos \u00e9motions.\u201d\t\t\t\t\t<\/div>\n\t\t\t\t\n\t\t\t\t\t\t\t<\/div>\n\t\t\t\t\t\t<\/div>\n\t\t\t\t\t\t<\/div>\n\t\t\t\t<\/div>\n\t\t\t\t<\/div>\n\t\t\t\t<\/div>\n\t\t<div class=\"elementor-element elementor-element-8edf49f elementor-hidden-mobile e-flex e-con-boxed e-con e-parent\" data-id=\"8edf49f\" data-element_type=\"container\" id=\"dinnerware\" data-settings=\"{&quot;background_background&quot;:&quot;classic&quot;}\">\n\t\t\t\t\t<div class=\"e-con-inner\">\n\t\t\t\t\t<\/div>\n\t\t\t\t<\/div>\n\t\t<div class=\"elementor-element elementor-element-275155e e-con-full e-flex e-con e-parent\" data-id=\"275155e\" data-element_type=\"container\">\n\t\t<div class=\"elementor-element elementor-element-2bee4efb e-con-full e-flex e-con e-child\" data-id=\"2bee4efb\" data-element_type=\"container\" data-settings=\"{&quot;background_background&quot;:&quot;classic&quot;}\">\n\t\t\t\t<div class=\"elementor-element elementor-element-7676cb04 elementor-cta--skin-cover elementor-widget elementor-widget-call-to-action\" data-id=\"7676cb04\" data-element_type=\"widget\" data-widget_type=\"call-to-action.default\">\n\t\t\t\t<div class=\"elementor-widget-container\">\n\t\t\t\t\t\t\t<div class=\"elementor-cta\">\n\t\t\t\t\t<div class=\"elementor-cta__bg-wrapper\">\n\t\t\t\t<div class=\"elementor-cta__bg elementor-bg\" style=\"background-image: url();\" role=\"img\" aria-label=\"\"><\/div>\n\t\t\t\t<div class=\"elementor-cta__bg-overlay\"><\/div>\n\t\t\t<\/div>\n\t\t\t\t\t\t\t<div class=\"elementor-cta__content\">\n\t\t\t\t\n\t\t\t\t\t\t\t\t\t<h3 class=\"elementor-cta__title elementor-cta__content-item elementor-content-item\">\n\t\t\t\t\t\tD\u00e9marche artistique\t\t\t\t\t<\/h3>\n\t\t\t\t\n\t\t\t\t\t\t\t\t\t<div class=\"elementor-cta__description elementor-cta__content-item elementor-content-item\">\n\t\t\t\t\t\tJ\u2019ai beaucoup de sujets de pr\u00e9dilections (la nature, les fleurs, les paysages et les animaux sauvages). Au c\u0153ur de ma d\u00e9marche artistique r\u00e9side une profonde admiration pour la beaut\u00e9 de la nature et la merveille de la vie elle-m\u00eame.\n\n<br><br>A travers mes peintures je souhaite exprimer un message d\u2019espoir et de gratitude. Chaque animal vivant dans son milieu naturel, chaque fleur qui s\u2019\u00e9panouit et chaque rayon de soleil qui caresse la terre est une manifestation de la beaut\u00e9 et de la g\u00e9n\u00e9rosit\u00e9 de la vie.\n<br><br>\nJ\u2019aime jouer avec les contrastes, mettre de la lumi\u00e8re et des couleurs pures pour faire ressortir mes sujets. J\u2019essaie d\u2019apporter un certain r\u00e9alisme moderne.\n<br><br>\nPlus je peins et plus je cr\u00e9e mes sujets \u00e0 l\u2019acrylique, plus je me rends compte que je pr\u00e9f\u00e8re le faire sur de grandes toiles pour leur apporter de la visibilit\u00e9 et susciter encore plus d\u2019\u00e9merveillement et d\u2019\u00e9vasion.\n<br><br>\nJe souhaite que mes peintures soit une invitation \u00e0 ralentir, \u00e0 respirer profond\u00e9ment et \u00e0 se reconnecter avec la nature qui nous entoure.\n\nEn contemplant mes \u0153uvres, j\u2019esp\u00e8re que les spectateurs seront inspir\u00e9es \u00e0 reconna\u00eetre et \u00e0 appr\u00e9cier les merveilles simples.\t\t\t\t\t<\/div>\n\t\t\t\t\n\t\t\t\t\t\t\t<\/div>\n\t\t\t\t\t\t<\/div>\n\t\t\t\t\t\t<\/div>\n\t\t\t\t<\/div>\n\t\t\t\t<\/div>\n\t\t<div class=\"elementor-element elementor-element-45979434 e-con-full e-flex e-con e-child\" data-id=\"45979434\" data-element_type=\"container\" data-settings=\"{&quot;background_background&quot;:&quot;classic&quot;}\">\n\t\t\t\t<\/div>\n\t\t\t\t<\/div>\n\t\t<div class=\"elementor-element elementor-element-7f36d449 e-flex e-con-boxed e-con e-parent\" data-id=\"7f36d449\" data-element_type=\"container\" data-settings=\"{&quot;background_background&quot;:&quot;classic&quot;}\">\n\t\t\t\t\t<div class=\"e-con-inner\">\n\t\t<div class=\"elementor-element elementor-element-39eb036 e-con-full e-flex e-con e-child\" data-id=\"39eb036\" data-element_type=\"container\">\n\t\t\t\t<div class=\"elementor-element elementor-element-2276932d elementor-cta--skin-cover elementor-widget__width-initial elementor-widget elementor-widget-call-to-action\" data-id=\"2276932d\" data-element_type=\"widget\" data-widget_type=\"call-to-action.default\">\n\t\t\t\t<div class=\"elementor-widget-container\">\n\t\t\t\t\t\t\t<div class=\"elementor-cta\">\n\t\t\t\t\t<div class=\"elementor-cta__bg-wrapper\">\n\t\t\t\t<div class=\"elementor-cta__bg elementor-bg\" style=\"background-image: url();\" role=\"img\" aria-label=\"\"><\/div>\n\t\t\t\t<div class=\"elementor-cta__bg-overlay\"><\/div>\n\t\t\t<\/div>\n\t\t\t\t\t\t\t<div class=\"elementor-cta__content\">\n\t\t\t\t\n\t\t\t\t\t\t\t\t\t<h2 class=\"elementor-cta__title elementor-cta__content-item elementor-content-item\">\n\t\t\t\t\t\tD\u00e9couvrir les \u0153uvres\t\t\t\t\t<\/h2>\n\t\t\t\t\n\t\t\t\t\n\t\t\t\t\t\t\t\t\t<div class=\"elementor-cta__button-wrapper elementor-cta__content-item elementor-content-item \">\n\t\t\t\t\t<a class=\"elementor-cta__button elementor-button elementor-size-\" href=\"\/index.php\/oeuvres\">\n\t\t\t\t\t\tTOUT VOIR  \u27f6 \t\t\t\t\t<\/a>\n\t\t\t\t\t<\/div>\n\t\t\t\t\t\t\t<\/div>\n\t\t\t\t\t\t<\/div>\n\t\t\t\t\t\t<\/div>\n\t\t\t\t<\/div>\n\t\t\t\t<\/div>\n\t\t<div class=\"elementor-element elementor-element-407c60a1 e-con-full e-flex e-con e-child\" data-id=\"407c60a1\" data-element_type=\"container\">\n\t\t\t\t<div class=\"elementor-element elementor-element-4cf5e454 elementor-grid-2 elementor-grid-tablet-2 elementor-grid-mobile-1 elementor-products-grid elementor-wc-products elementor-widget elementor-widget-woocommerce-products\" data-id=\"4cf5e454\" data-element_type=\"widget\" data-widget_type=\"woocommerce-products.default\">\n\t\t\t\t<div class=\"elementor-widget-container\">\n\t\t\t\t\t<div class=\"woocommerce columns-2 \"><ul class=\"products elementor-grid columns-2\">\n<li class=\"product type-product post-479 status-publish first instock product_cat-hors-piste product_cat-all has-post-thumbnail shipping-taxable product-type-simple\">\n\t<a href=\"https:\/\/www.sylvieperrenoud.fr\/index.php\/produit\/danseur-des-neiges\/\" class=\"woocommerce-LoopProduct-link woocommerce-loop-product__link\"><img fetchpriority=\"high\" decoding=\"async\" width=\"300\" height=\"300\" src=\"https:\/\/www.sylvieperrenoud.fr\/wp-content\/uploads\/2025\/06\/20250123_124633-scaled-300x300.jpg\" class=\"attachment-woocommerce_thumbnail size-woocommerce_thumbnail\" alt=\"Danseur des neiges\" srcset=\"https:\/\/www.sylvieperrenoud.fr\/wp-content\/uploads\/2025\/06\/20250123_124633-scaled-300x300.jpg 300w, https:\/\/www.sylvieperrenoud.fr\/wp-content\/uploads\/2025\/06\/20250123_124633-scaled-100x100.jpg 100w, https:\/\/www.sylvieperrenoud.fr\/wp-content\/uploads\/2025\/06\/20250123_124633-150x150.jpg 150w\" sizes=\"(max-width: 300px) 100vw, 300px\" \/><h2 class=\"woocommerce-loop-product__title\">Danseur des neiges<\/h2>\n<\/a><a href=\"https:\/\/www.sylvieperrenoud.fr\/index.php\/produit\/danseur-des-neiges\/\" aria-describedby=\"woocommerce_loop_add_to_cart_link_describedby_479\" data-quantity=\"1\" class=\"button product_type_simple\" data-product_id=\"479\" data-product_sku=\"25\" aria-label=\"Read more about &ldquo;Danseur des neiges&rdquo;\" rel=\"nofollow\" data-success_message=\"\">Read more<\/a>\t<span id=\"woocommerce_loop_add_to_cart_link_describedby_479\" class=\"screen-reader-text\">\n\t\t\t<\/span>\n<\/li>\n<li class=\"product type-product post-493 status-publish last instock product_cat-aube product_cat-all has-post-thumbnail shipping-taxable product-type-simple\">\n\t<a href=\"https:\/\/www.sylvieperrenoud.fr\/index.php\/produit\/cloche-de-rosee\/\" class=\"woocommerce-LoopProduct-link woocommerce-loop-product__link\"><img decoding=\"async\" width=\"300\" height=\"300\" src=\"https:\/\/www.sylvieperrenoud.fr\/wp-content\/uploads\/2025\/06\/35-Cloche-de-rosee-40x40-1-300x300.jpg\" class=\"attachment-woocommerce_thumbnail size-woocommerce_thumbnail\" alt=\"Cloche de ros\u00e9e\" srcset=\"https:\/\/www.sylvieperrenoud.fr\/wp-content\/uploads\/2025\/06\/35-Cloche-de-rosee-40x40-1-300x300.jpg 300w, https:\/\/www.sylvieperrenoud.fr\/wp-content\/uploads\/2025\/06\/35-Cloche-de-rosee-40x40-1-150x150.jpg 150w, https:\/\/www.sylvieperrenoud.fr\/wp-content\/uploads\/2025\/06\/35-Cloche-de-rosee-40x40-1-100x100.jpg 100w\" sizes=\"(max-width: 300px) 100vw, 300px\" \/><h2 class=\"woocommerce-loop-product__title\">Cloche de ros\u00e9e<\/h2>\n<\/a><a href=\"https:\/\/www.sylvieperrenoud.fr\/index.php\/produit\/cloche-de-rosee\/\" aria-describedby=\"woocommerce_loop_add_to_cart_link_describedby_493\" data-quantity=\"1\" class=\"button product_type_simple\" data-product_id=\"493\" data-product_sku=\"35\" aria-label=\"Read more about &ldquo;Cloche de ros\u00e9e&rdquo;\" rel=\"nofollow\" data-success_message=\"\">Read more<\/a>\t<span id=\"woocommerce_loop_add_to_cart_link_describedby_493\" class=\"screen-reader-text\">\n\t\t\t<\/span>\n<\/li>\n<\/ul>\n<\/div>\t\t\t\t<\/div>\n\t\t\t\t<\/div>\n\t\t\t\t<\/div>\n\t\t\t\t\t<\/div>\n\t\t\t\t<\/div>\n\t\t\t\t<\/div>\n\t\t","protected":false},"excerpt":{"rendered":"<p>Sylvie Perrenoud dessine depuis l\u2019enfance, elle est autodidacte. Passionn\u00e9e de nature et de la beaut\u00e9 qui l\u2019entoure, elle commence par cr\u00e9er des dessins en pastel puis d\u00e9couvre la peinture \u00e0 l\u2019acrylique a l\u2019\u00e2ge de 30 ans.<\/p>\n","protected":false},"author":1,"featured_media":84,"parent":0,"menu_order":0,"comment_status":"closed","ping_status":"closed","template":"elementor_header_footer","meta":{"footnotes":""},"class_list":["post-77","page","type-page","status-publish","has-post-thumbnail","hentry"],"_links":{"self":[{"href":"https:\/\/www.sylvieperrenoud.fr\/index.php\/wp-json\/wp\/v2\/pages\/77","targetHints":{"allow":["GET"]}}],"collection":[{"href":"https:\/\/www.sylvieperrenoud.fr\/index.php\/wp-json\/wp\/v2\/pages"}],"about":[{"href":"https:\/\/www.sylvieperrenoud.fr\/index.php\/wp-json\/wp\/v2\/types\/page"}],"author":[{"embeddable":true,"href":"https:\/\/www.sylvieperrenoud.fr\/index.php\/wp-json\/wp\/v2\/users\/1"}],"replies":[{"embeddable":true,"href":"https:\/\/www.sylvieperrenoud.fr\/index.php\/wp-json\/wp\/v2\/comments?post=77"}],"version-history":[{"count":38,"href":"https:\/\/www.sylvieperrenoud.fr\/index.php\/wp-json\/wp\/v2\/pages\/77\/revisions"}],"predecessor-version":[{"id":529,"href":"https:\/\/www.sylvieperrenoud.fr\/index.php\/wp-json\/wp\/v2\/pages\/77\/revisions\/529"}],"wp:featuredmedia":[{"embeddable":true,"href":"https:\/\/www.sylvieperrenoud.fr\/index.php\/wp-json\/wp\/v2\/media\/84"}],"wp:attachment":[{"href":"https:\/\/www.sylvieperrenoud.fr\/index.php\/wp-json\/wp\/v2\/media?parent=77"}],"curies":[{"name":"wp","href":"https:\/\/api.w.org\/{rel}","templated":true}]}}