{"id":283,"date":"2025-06-16T08:50:33","date_gmt":"2025-06-16T06:50:33","guid":{"rendered":"https:\/\/www.sylvieperrenoud.fr\/?post_type=product&#038;p=283"},"modified":"2025-06-20T15:48:56","modified_gmt":"2025-06-20T13:48:56","slug":"calin-givre","status":"publish","type":"product","link":"https:\/\/www.sylvieperrenoud.fr\/index.php\/produit\/calin-givre\/","title":{"rendered":"Calin givr\u00e9"},"content":{"rendered":"<p class=\"cvGsUA direction-ltr align-center para-style-body\"><span class=\"OYPEnA font-feature-liga-off font-feature-clig-off font-feature-calt-off text-decoration-none text-strikethrough-none\">Dans une posture d\u00e9tendue, le museau tourn\u00e9 vers le ciel, il semble savourer un moment de d\u00e9tente comme une insouciance infantile. <\/span><span style=\"font-weight: 400;\">Un moment de tendresse. Cette toile capture la douceur inattendue d\u2019un animal puissant, dans un instant simple et joyeux.<\/span><\/p>\n","protected":false},"excerpt":{"rendered":"<p class=\"cvGsUA direction-ltr align-center para-style-body\"><span class=\"OYPEnA font-feature-liga-off font-feature-clig-off font-feature-calt-off text-decoration-none text-strikethrough-none\">02\/2025<\/span><\/p>\n<p class=\"cvGsUA direction-ltr align-center para-style-body\"><span class=\"OYPEnA font-feature-liga-off font-feature-clig-off font-feature-calt-off text-decoration-none text-strikethrough-none\">100 x 50 cm<\/span><\/p>\n<p><span class=\"OYPEnA font-feature-liga-off font-feature-clig-off font-feature-calt-off text-decoration-none text-strikethrough-none\">Acrylique sur toile<\/span><\/p>\n<p>540\u20ac<\/p>\n","protected":false},"featured_media":268,"comment_status":"open","ping_status":"closed","template":"","meta":[],"product_brand":[],"product_cat":[15,38,29],"product_tag":[],"class_list":{"0":"post-283","1":"product","2":"type-product","3":"status-publish","4":"has-post-thumbnail","6":"product_cat-all","7":"product_cat-animaux","8":"product_cat-newarrivals","10":"first","11":"instock","12":"shipping-taxable","13":"product-type-simple"},"_links":{"self":[{"href":"https:\/\/www.sylvieperrenoud.fr\/index.php\/wp-json\/wp\/v2\/product\/283","targetHints":{"allow":["GET"]}}],"collection":[{"href":"https:\/\/www.sylvieperrenoud.fr\/index.php\/wp-json\/wp\/v2\/product"}],"about":[{"href":"https:\/\/www.sylvieperrenoud.fr\/index.php\/wp-json\/wp\/v2\/types\/product"}],"replies":[{"embeddable":true,"href":"https:\/\/www.sylvieperrenoud.fr\/index.php\/wp-json\/wp\/v2\/comments?post=283"}],"wp:featuredmedia":[{"embeddable":true,"href":"https:\/\/www.sylvieperrenoud.fr\/index.php\/wp-json\/wp\/v2\/media\/268"}],"wp:attachment":[{"href":"https:\/\/www.sylvieperrenoud.fr\/index.php\/wp-json\/wp\/v2\/media?parent=283"}],"wp:term":[{"taxonomy":"product_brand","embeddable":true,"href":"https:\/\/www.sylvieperrenoud.fr\/index.php\/wp-json\/wp\/v2\/product_brand?post=283"},{"taxonomy":"product_cat","embeddable":true,"href":"https:\/\/www.sylvieperrenoud.fr\/index.php\/wp-json\/wp\/v2\/product_cat?post=283"},{"taxonomy":"product_tag","embeddable":true,"href":"https:\/\/www.sylvieperrenoud.fr\/index.php\/wp-json\/wp\/v2\/product_tag?post=283"}],"curies":[{"name":"wp","href":"https:\/\/api.w.org\/{rel}","templated":true}]}}