{"id":488,"date":"2025-06-20T15:50:10","date_gmt":"2025-06-20T13:50:10","guid":{"rendered":"https:\/\/www.sylvieperrenoud.fr\/?post_type=product&#038;p=488"},"modified":"2025-06-20T15:50:10","modified_gmt":"2025-06-20T13:50:10","slug":"silence-dhiver","status":"publish","type":"product","link":"https:\/\/www.sylvieperrenoud.fr\/index.php\/produit\/silence-dhiver\/","title":{"rendered":"Silence d\u2019hiver"},"content":{"rendered":"<p>Ce paysage fig\u00e9 par l\u2019hiver \u00e9voque le calme, la solitude et la m\u00e9moire \u00a0 \u00a0 du temps qui passe. A travers cette sc\u00e8ne , je cherche \u00e0 transmettre la beaut\u00e9 tranquille de la nature endormie et le myst\u00e8re des lieux oubli\u00e9s.<\/p>\n","protected":false},"excerpt":{"rendered":"<p><span style=\"font-weight: 400;\">03\/2025<\/span><\/p>\n<p><span style=\"font-weight: 400;\">60&#215;60<\/span><\/p>\n<p>Acrylique sur toile<\/p>\n<p>270\u20ac<\/p>\n","protected":false},"featured_media":270,"comment_status":"open","ping_status":"closed","template":"","meta":[],"product_brand":[],"product_cat":[15,29,40],"product_tag":[],"class_list":{"0":"post-488","1":"product","2":"type-product","3":"status-publish","4":"has-post-thumbnail","6":"product_cat-all","7":"product_cat-newarrivals","8":"product_cat-paysages","10":"first","11":"instock","12":"shipping-taxable","13":"product-type-simple"},"_links":{"self":[{"href":"https:\/\/www.sylvieperrenoud.fr\/index.php\/wp-json\/wp\/v2\/product\/488","targetHints":{"allow":["GET"]}}],"collection":[{"href":"https:\/\/www.sylvieperrenoud.fr\/index.php\/wp-json\/wp\/v2\/product"}],"about":[{"href":"https:\/\/www.sylvieperrenoud.fr\/index.php\/wp-json\/wp\/v2\/types\/product"}],"replies":[{"embeddable":true,"href":"https:\/\/www.sylvieperrenoud.fr\/index.php\/wp-json\/wp\/v2\/comments?post=488"}],"wp:featuredmedia":[{"embeddable":true,"href":"https:\/\/www.sylvieperrenoud.fr\/index.php\/wp-json\/wp\/v2\/media\/270"}],"wp:attachment":[{"href":"https:\/\/www.sylvieperrenoud.fr\/index.php\/wp-json\/wp\/v2\/media?parent=488"}],"wp:term":[{"taxonomy":"product_brand","embeddable":true,"href":"https:\/\/www.sylvieperrenoud.fr\/index.php\/wp-json\/wp\/v2\/product_brand?post=488"},{"taxonomy":"product_cat","embeddable":true,"href":"https:\/\/www.sylvieperrenoud.fr\/index.php\/wp-json\/wp\/v2\/product_cat?post=488"},{"taxonomy":"product_tag","embeddable":true,"href":"https:\/\/www.sylvieperrenoud.fr\/index.php\/wp-json\/wp\/v2\/product_tag?post=488"}],"curies":[{"name":"wp","href":"https:\/\/api.w.org\/{rel}","templated":true}]}}