{"id":499,"date":"2025-06-20T16:05:03","date_gmt":"2025-06-20T14:05:03","guid":{"rendered":"https:\/\/www.sylvieperrenoud.fr\/?post_type=product&#038;p=499"},"modified":"2025-06-20T16:30:47","modified_gmt":"2025-06-20T14:30:47","slug":"entrelacees","status":"publish","type":"product","link":"https:\/\/www.sylvieperrenoud.fr\/index.php\/produit\/entrelacees\/","title":{"rendered":"Entrelac\u00e9es"},"content":{"rendered":"<p><span style=\"font-weight: 400;\">Comme deux souffles m\u00eal\u00e9s, elles dansent dans une \u00e9treinte fragile, suspendu \u00e0 la ros\u00e9e.<\/span><\/p>\n","protected":false},"excerpt":{"rendered":"<p><span style=\"font-weight: 400;\"> 05\/2025<\/span><\/p>\n<p><span style=\"font-weight: 400;\">30&#215;30<\/span><\/p>\n<p><span style=\"font-weight: 400;\">Acrylique sur toile<\/span><\/p>\n<p><span style=\"font-weight: 400;\">120\u20ac<\/span><\/p>\n","protected":false},"featured_media":454,"comment_status":"open","ping_status":"closed","template":"","meta":[],"product_brand":[],"product_cat":[15,43,29],"product_tag":[],"class_list":{"0":"post-499","1":"product","2":"type-product","3":"status-publish","4":"has-post-thumbnail","6":"product_cat-all","7":"product_cat-aube","8":"product_cat-newarrivals","10":"first","11":"instock","12":"shipping-taxable","13":"product-type-simple"},"_links":{"self":[{"href":"https:\/\/www.sylvieperrenoud.fr\/index.php\/wp-json\/wp\/v2\/product\/499","targetHints":{"allow":["GET"]}}],"collection":[{"href":"https:\/\/www.sylvieperrenoud.fr\/index.php\/wp-json\/wp\/v2\/product"}],"about":[{"href":"https:\/\/www.sylvieperrenoud.fr\/index.php\/wp-json\/wp\/v2\/types\/product"}],"replies":[{"embeddable":true,"href":"https:\/\/www.sylvieperrenoud.fr\/index.php\/wp-json\/wp\/v2\/comments?post=499"}],"wp:featuredmedia":[{"embeddable":true,"href":"https:\/\/www.sylvieperrenoud.fr\/index.php\/wp-json\/wp\/v2\/media\/454"}],"wp:attachment":[{"href":"https:\/\/www.sylvieperrenoud.fr\/index.php\/wp-json\/wp\/v2\/media?parent=499"}],"wp:term":[{"taxonomy":"product_brand","embeddable":true,"href":"https:\/\/www.sylvieperrenoud.fr\/index.php\/wp-json\/wp\/v2\/product_brand?post=499"},{"taxonomy":"product_cat","embeddable":true,"href":"https:\/\/www.sylvieperrenoud.fr\/index.php\/wp-json\/wp\/v2\/product_cat?post=499"},{"taxonomy":"product_tag","embeddable":true,"href":"https:\/\/www.sylvieperrenoud.fr\/index.php\/wp-json\/wp\/v2\/product_tag?post=499"}],"curies":[{"name":"wp","href":"https:\/\/api.w.org\/{rel}","templated":true}]}}